{"id":2266,"date":"2026-02-17T19:09:15","date_gmt":"2026-02-17T16:09:15","guid":{"rendered":"https:\/\/nagelstudio-deibert.de\/?page_id=2266"},"modified":"2026-02-17T19:55:36","modified_gmt":"2026-02-17T16:55:36","slug":"datenschutzerklarung","status":"publish","type":"page","link":"https:\/\/nagelstudio-deibert.de\/?page_id=2266","title":{"rendered":"Datenschutzerkl\u00e4rung"},"content":{"rendered":"\t\t<div data-elementor-type=\"wp-page\" data-elementor-id=\"2266\" class=\"elementor elementor-2266\" data-elementor-post-type=\"page\">\n\t\t\t\t<div class=\"elementor-element elementor-element-ae93414 e-con-full e-flex e-con e-parent\" data-id=\"ae93414\" data-element_type=\"container\" data-e-type=\"container\">\n\t\t\t\t<div class=\"elementor-element elementor-element-b04b30d elementor-widget elementor-widget-text-editor\" data-id=\"b04b30d\" data-element_type=\"widget\" data-e-type=\"widget\" data-widget_type=\"text-editor.default\">\n\t\t\t\t\t\t\t\t\t<h1><span style=\"font-size: 36px;\">Datenschutzerkl\u00e4rung<\/span><\/h1><p data-start=\"276\" data-end=\"303\"><span style=\"color: #ffffff;\"><strong data-start=\"276\" data-end=\"303\">Stand: 17.02.2026<\/strong><\/span><\/p><p data-start=\"305\" data-end=\"735\"><span style=\"color: #ffffff;\">Wir freuen uns sehr \u00fcber Ihr Interesse an unserem Unternehmen. Der Schutz Ihrer personenbezogenen Daten hat einen besonders hohen Stellenwert f\u00fcr Nagelstudio Deibert. Die Nutzung unserer Website ist grunds\u00e4tzlich ohne Angabe personenbezogener Daten m\u00f6glich. Sofern eine betroffene Person besondere Services \u00fcber unsere Website in Anspruch nehmen m\u00f6chte, k\u00f6nnte jedoch eine Verarbeitung personenbezogener Daten erforderlich werden.<\/span><\/p><p data-start=\"737\" data-end=\"917\"><span style=\"color: #ffffff;\">Die Verarbeitung personenbezogener Daten erfolgt stets im Einklang mit der Datenschutz-Grundverordnung (DSGVO) und den f\u00fcr uns geltenden landesspezifischen Datenschutzbestimmungen.<\/span><\/p><hr data-start=\"919\" data-end=\"922\" \/><h2 data-start=\"924\" data-end=\"946\"><span style=\"color: #ffffff;\">1. Verantwortlicher<\/span><\/h2><p data-start=\"948\" data-end=\"988\"><span style=\"color: #ffffff;\">Verantwortlicher im Sinne der DSGVO ist:<\/span><\/p><p data-start=\"990\" data-end=\"1096\"><span style=\"color: #ffffff;\"><strong data-start=\"990\" data-end=\"1013\">Nagelstudio Deibert<\/strong><\/span><br data-start=\"1013\" data-end=\"1016\" \/><span style=\"color: #ffffff;\">name Irina Deibert<\/span><br data-start=\"1044\" data-end=\"1047\" \/><span style=\"color: #ffffff;\">Adresse\u00a0<b><span dir=\"auto\">:<\/span><\/b><span dir=\"auto\">\u00a034119 Kassel<br \/>Elfbuchenstra\u00dfe 20<\/span><\/span><br data-start=\"1065\" data-end=\"1068\" \/><br data-start=\"1080\" data-end=\"1083\" \/><span style=\"color: #ffffff;\">Deutschland<\/span><\/p><p data-start=\"1098\" data-end=\"1169\"><span style=\"color: #ffffff;\">Telefon: \u00a0+49 176 80495210<\/span><br data-start=\"1131\" data-end=\"1134\" \/><span style=\"color: #ffffff;\">E-Mail: Nails-Deibert@freenet.de<\/span><\/p><hr data-start=\"1171\" data-end=\"1174\" \/><h2 data-start=\"1176\" data-end=\"1227\"><span style=\"color: #ffffff;\">2. Erfassung allgemeiner Daten und Informationen<\/span><\/h2><p data-start=\"1229\" data-end=\"1435\"><span style=\"color: #ffffff;\">Unsere Website erfasst mit jedem Aufruf durch eine betroffene Person oder ein automatisiertes System eine Reihe von allgemeinen Daten und Informationen. Diese werden in den Logfiles des Servers gespeichert.<\/span><\/p><p data-start=\"1437\" data-end=\"1459\"><span style=\"color: #ffffff;\">Erfasst werden k\u00f6nnen:<\/span><\/p><ul data-start=\"1461\" data-end=\"1835\"><li data-start=\"1461\" data-end=\"1499\"><p data-start=\"1463\" data-end=\"1499\"><span style=\"color: #ffffff;\">verwendeter Browsertyp und Version<\/span><\/p><\/li><li data-start=\"1500\" data-end=\"1557\"><p data-start=\"1502\" data-end=\"1557\"><span style=\"color: #ffffff;\">das vom zugreifenden System verwendete Betriebssystem<\/span><\/p><\/li><li data-start=\"1558\" data-end=\"1633\"><p data-start=\"1560\" data-end=\"1633\"><span style=\"color: #ffffff;\">die Website, von der ein zugreifendes System auf unsere Website gelangt<\/span><\/p><\/li><li data-start=\"1634\" data-end=\"1708\"><p data-start=\"1636\" data-end=\"1708\"><span style=\"color: #ffffff;\">Unterwebseiten, welche \u00fcber ein zugreifendes System angesteuert werden<\/span><\/p><\/li><li data-start=\"1709\" data-end=\"1745\"><p data-start=\"1711\" data-end=\"1745\"><span style=\"color: #ffffff;\">Datum und Uhrzeit eines Zugriffs<\/span><\/p><\/li><\/ul><p data-start=\"1837\" data-end=\"1969\"><span style=\"color: #ffffff;\">Diese Daten dienen der Gew\u00e4hrleistung eines reibungslosen Verbindungsaufbaus der Website sowie der Systemsicherheit und -stabilit\u00e4t.<\/span><\/p><p data-start=\"1971\" data-end=\"2018\"><span style=\"color: #ffffff;\">Rechtsgrundlage ist Art. 6 Abs. 1 lit. f DSGVO.<\/span><\/p><hr data-start=\"2020\" data-end=\"2023\" \/><h2 data-start=\"2025\" data-end=\"2066\"><span style=\"color: #ffffff;\">3. Kontaktm\u00f6glichkeit \u00fcber die Website<\/span><\/h2><p data-start=\"2068\" data-end=\"2230\"><span style=\"color: #ffffff;\">Sofern Sie per E-Mail oder \u00fcber ein Kontaktformular mit uns Kontakt aufnehmen, werden die von Ihnen \u00fcbermittelten personenbezogenen Daten automatisch gespeichert.<\/span><\/p><p data-start=\"2232\" data-end=\"2259\"><span style=\"color: #ffffff;\">Dies betrifft insbesondere:<\/span><\/p><ul data-start=\"2261\" data-end=\"2331\"><li data-start=\"2261\" data-end=\"2269\"><p data-start=\"2263\" data-end=\"2269\"><span style=\"color: #ffffff;\">Name<\/span><\/p><\/li><li data-start=\"2270\" data-end=\"2287\"><p data-start=\"2272\" data-end=\"2287\"><span style=\"color: #ffffff;\">Telefonnummer<\/span><\/p><\/li><li data-start=\"2288\" data-end=\"2306\"><p data-start=\"2290\" data-end=\"2306\"><span style=\"color: #ffffff;\">E-Mail-Adresse<\/span><\/p><\/li><li data-start=\"2307\" data-end=\"2331\"><p data-start=\"2309\" data-end=\"2331\"><span style=\"color: #ffffff;\">Inhalt der Nachricht<\/span><\/p><\/li><\/ul><p data-start=\"2333\" data-end=\"2407\"><span style=\"color: #ffffff;\">Diese Daten werden ausschlie\u00dflich zur Bearbeitung Ihrer Anfrage verwendet.<\/span><\/p><p data-start=\"2409\" data-end=\"2462\"><span style=\"color: #ffffff;\">Rechtsgrundlage ist Art. 6 Abs. 1 lit. a und b DSGVO.<\/span><\/p><hr data-start=\"2464\" data-end=\"2467\" \/><h2 data-start=\"2469\" data-end=\"2503\"><span style=\"color: #ffffff;\">4. Terminvereinbarung \/ Buchung<\/span><\/h2><p data-start=\"2505\" data-end=\"2683\"><span style=\"color: #ffffff;\">Sofern \u00fcber die Website eine Terminvereinbarung m\u00f6glich ist, werden die hierf\u00fcr erforderlichen personenbezogenen Daten gespeichert und zur Organisation Ihres Termins verarbeitet.<\/span><\/p><p data-start=\"2685\" data-end=\"2821\"><span style=\"color: #ffffff;\">Die Daten werden nicht an Dritte weitergegeben, es sei denn, dies ist gesetzlich vorgeschrieben oder zur Vertragserf\u00fcllung erforderlich.<\/span><\/p><hr data-start=\"2823\" data-end=\"2826\" \/><h2 data-start=\"2828\" data-end=\"2841\"><span style=\"color: #ffffff;\">5. Cookies<\/span><\/h2><p data-start=\"2843\" data-end=\"2991\"><span style=\"color: #ffffff;\">Unsere Website verwendet Cookies. Cookies sind Textdateien, die \u00fcber einen Internetbrowser auf einem Computersystem abgelegt und gespeichert werden.<\/span><\/p><p data-start=\"2993\" data-end=\"3013\"><span style=\"color: #ffffff;\">Cookies dienen dazu:<\/span><\/p><ul data-start=\"3015\" data-end=\"3173\"><li data-start=\"3015\" data-end=\"3071\"><p data-start=\"3017\" data-end=\"3071\"><span style=\"color: #ffffff;\">die Benutzerfreundlichkeit der Website zu verbessern<\/span><\/p><\/li><li data-start=\"3072\" data-end=\"3111\"><p data-start=\"3074\" data-end=\"3111\"><span style=\"color: #ffffff;\">bestimmte Funktionen zu erm\u00f6glichen<\/span><\/p><\/li><li data-start=\"3112\" data-end=\"3173\"><p data-start=\"3114\" data-end=\"3173\"><span style=\"color: #ffffff;\">statistische Auswertungen vorzunehmen (sofern eingesetzt)<\/span><\/p><\/li><\/ul><p data-start=\"3175\" data-end=\"3295\"><span style=\"color: #ffffff;\">Sie k\u00f6nnen die Setzung von Cookies jederzeit mittels einer entsprechenden Einstellung Ihres Internetbrowsers verhindern.<\/span><\/p><p data-start=\"3297\" data-end=\"3348\"><span style=\"color: #ffffff;\">Rechtsgrundlage: Art. 6 Abs. 1 lit. a oder f DSGVO.<\/span><\/p><hr data-start=\"3350\" data-end=\"3353\" \/><h2 data-start=\"3355\" data-end=\"3428\"><span style=\"color: #ffffff;\">6. Einsatz von Analyse-Tools\u00a0 Google Analytics<\/span><\/h2><p data-start=\"3430\" data-end=\"3587\"><span style=\"color: #ffffff;\">Sofern wir Google Analytics oder vergleichbare Dienste einsetzen, erfolgt die Verarbeitung auf Grundlage Ihrer Einwilligung gem\u00e4\u00df Art. 6 Abs. 1 lit. a DSGVO.<\/span><\/p><p data-start=\"3589\" data-end=\"3729\"><span style=\"color: #ffffff;\">Google Analytics verwendet Cookies zur Analyse der Benutzung der Website. Die IP-Adresse wird in der Regel anonymisiert (IP-Anonymisierung).<\/span><\/p><p data-start=\"3731\" data-end=\"3781\"><span style=\"color: #ffffff;\">Sie k\u00f6nnen Ihre Einwilligung jederzeit widerrufen.<\/span><\/p><hr data-start=\"3876\" data-end=\"3879\" \/><h2 data-start=\"3881\" data-end=\"3907\"><span style=\"color: #ffffff;\">7. Weitergabe von Daten<\/span><\/h2><p data-start=\"3909\" data-end=\"4002\"><span style=\"color: #ffffff;\">Eine \u00dcbermittlung Ihrer pers\u00f6nlichen Daten an Dritte findet grunds\u00e4tzlich nicht statt, au\u00dfer:<\/span><\/p><ul data-start=\"4004\" data-end=\"4227\"><li data-start=\"4004\" data-end=\"4048\"><p data-start=\"4006\" data-end=\"4048\"><span style=\"color: #ffffff;\">wenn Sie ausdr\u00fccklich eingewilligt haben<\/span><\/p><\/li><li data-start=\"4049\" data-end=\"4102\"><p data-start=\"4051\" data-end=\"4102\"><span style=\"color: #ffffff;\">wenn dies zur Vertragsabwicklung erforderlich ist<\/span><\/p><\/li><li data-start=\"4103\" data-end=\"4150\"><p data-start=\"4105\" data-end=\"4150\"><span style=\"color: #ffffff;\">wenn eine gesetzliche Verpflichtung besteht<\/span><\/p><\/li><li data-start=\"4151\" data-end=\"4227\"><p data-start=\"4153\" data-end=\"4227\"><span style=\"color: #ffffff;\">wenn die Weitergabe zur Wahrung berechtigter Interessen erforderlich ist<\/span><\/p><\/li><\/ul><hr data-start=\"4229\" data-end=\"4232\" \/><h2 data-start=\"4234\" data-end=\"4261\"><span style=\"color: #ffffff;\">8. Dauer der Speicherung<\/span><\/h2><p data-start=\"4263\" data-end=\"4425\"><span style=\"color: #ffffff;\">Personenbezogene Daten werden nur so lange gespeichert, wie dies f\u00fcr die jeweiligen Zwecke erforderlich ist oder wie es gesetzliche Aufbewahrungsfristen vorsehen.<\/span><\/p><hr data-start=\"4427\" data-end=\"4430\" \/><h2 data-start=\"4432\" data-end=\"4467\"><span style=\"color: #ffffff;\">9. Rechte der betroffenen Person<\/span><\/h2><p data-start=\"4469\" data-end=\"4507\"><span style=\"color: #ffffff;\">Sie haben gem\u00e4\u00df DSGVO folgende Rechte:<\/span><\/p><ul data-start=\"4509\" data-end=\"4825\"><li data-start=\"4509\" data-end=\"4547\"><p data-start=\"4511\" data-end=\"4547\"><span style=\"color: #ffffff;\">Recht auf Auskunft (Art. 15 DSGVO)<\/span><\/p><\/li><li data-start=\"4548\" data-end=\"4590\"><p data-start=\"4550\" data-end=\"4590\"><span style=\"color: #ffffff;\">Recht auf Berichtigung (Art. 16 DSGVO)<\/span><\/p><\/li><li data-start=\"4591\" data-end=\"4629\"><p data-start=\"4593\" data-end=\"4629\"><span style=\"color: #ffffff;\">Recht auf L\u00f6schung (Art. 17 DSGVO)<\/span><\/p><\/li><li data-start=\"4630\" data-end=\"4690\"><p data-start=\"4632\" data-end=\"4690\"><span style=\"color: #ffffff;\">Recht auf Einschr\u00e4nkung der Verarbeitung (Art. 18 DSGVO)<\/span><\/p><\/li><li data-start=\"4691\" data-end=\"4741\"><p data-start=\"4693\" data-end=\"4741\"><span style=\"color: #ffffff;\">Recht auf Daten\u00fcbertragbarkeit (Art. 20 DSGVO)<\/span><\/p><\/li><li data-start=\"4742\" data-end=\"4783\"><p data-start=\"4744\" data-end=\"4783\"><span style=\"color: #ffffff;\">Recht auf Widerspruch (Art. 21 DSGVO)<\/span><\/p><\/li><li data-start=\"4784\" data-end=\"4825\"><p data-start=\"4786\" data-end=\"4825\"><span style=\"color: #ffffff;\">Recht auf Widerruf einer Einwilligung<\/span><\/p><\/li><\/ul><p data-start=\"4827\" data-end=\"4891\"><span style=\"color: #ffffff;\">Zur Aus\u00fcbung Ihrer Rechte k\u00f6nnen Sie uns jederzeit kontaktieren.<\/span><\/p><hr data-start=\"4893\" data-end=\"4896\" \/><h2 data-start=\"4898\" data-end=\"4945\"><span style=\"color: #ffffff;\">10. Beschwerderecht bei der Aufsichtsbeh\u00f6rde<\/span><\/h2><p data-start=\"4947\" data-end=\"5078\"><span style=\"color: #ffffff;\">Sie haben das Recht, sich bei einer Datenschutz-Aufsichtsbeh\u00f6rde \u00fcber die Verarbeitung Ihrer personenbezogenen Daten zu beschweren.<\/span><\/p><p data-start=\"5080\" data-end=\"5113\"><span style=\"color: #ffffff;\">Zust\u00e4ndige Beh\u00f6rde in Hessen ist:<\/span><\/p><p data-start=\"5115\" data-end=\"5183\"><span style=\"color: #ffffff;\">Der Hessische Beauftragte f\u00fcr Datenschutz und Informationsfreiheit<\/span><\/p><hr data-start=\"5185\" data-end=\"5188\" \/><h2 data-start=\"5190\" data-end=\"5212\"><span style=\"color: #ffffff;\">11. Datensicherheit<\/span><\/h2><p data-start=\"5214\" data-end=\"5385\"><span style=\"color: #ffffff;\">Wir verwenden geeignete technische und organisatorische Ma\u00dfnahmen, um Ihre Daten gegen Manipulation, Verlust, Zerst\u00f6rung oder gegen unbefugten Zugriff Dritter zu sch\u00fctzen.<\/span><\/p><hr data-start=\"5387\" data-end=\"5390\" \/><h2 data-start=\"5392\" data-end=\"5450\"><span style=\"color: #ffffff;\">12. Aktualit\u00e4t und \u00c4nderung dieser Datenschutzerkl\u00e4rung<\/span><\/h2><p data-start=\"5452\" data-end=\"5533\"><span style=\"color: #ffffff;\">Diese Datenschutzerkl\u00e4rung ist aktuell g\u00fcltig und hat den Stand 01.01.2026<\/span><\/p><p data-start=\"5535\" data-end=\"5689\"><span style=\"color: #ffffff;\">Durch die Weiterentwicklung unserer Website oder aufgrund ge\u00e4nderter gesetzlicher Vorgaben kann es notwendig werden, diese Datenschutzerkl\u00e4rung zu \u00e4ndern.<\/span><\/p>\t\t\t\t\t\t\t\t<\/div>\n\t\t\t\t<\/div>\n\t\t\t\t<\/div>\n\t\t","protected":false},"excerpt":{"rendered":"<p>Datenschutzerkl\u00e4rung Stand: 17.02.2026 Wir freuen uns sehr \u00fcber Ihr Interesse an unserem Unternehmen. Der Schutz Ihrer personenbezogenen Daten hat einen besonders hohen Stellenwert f\u00fcr Nagelstudio Deibert. Die Nutzung unserer Website ist grunds\u00e4tzlich ohne Angabe personenbezogener Daten m\u00f6glich. Sofern eine betroffene Person besondere Services \u00fcber unsere Website in Anspruch nehmen m\u00f6chte, k\u00f6nnte jedoch eine Verarbeitung personenbezogener [&hellip;]<\/p>\n","protected":false},"author":1,"featured_media":0,"parent":2,"menu_order":0,"comment_status":"closed","ping_status":"closed","template":"","meta":{"footnotes":""},"class_list":["post-2266","page","type-page","status-publish","hentry"],"_links":{"self":[{"href":"https:\/\/nagelstudio-deibert.de\/index.php?rest_route=\/wp\/v2\/pages\/2266","targetHints":{"allow":["GET"]}}],"collection":[{"href":"https:\/\/nagelstudio-deibert.de\/index.php?rest_route=\/wp\/v2\/pages"}],"about":[{"href":"https:\/\/nagelstudio-deibert.de\/index.php?rest_route=\/wp\/v2\/types\/page"}],"author":[{"embeddable":true,"href":"https:\/\/nagelstudio-deibert.de\/index.php?rest_route=\/wp\/v2\/users\/1"}],"replies":[{"embeddable":true,"href":"https:\/\/nagelstudio-deibert.de\/index.php?rest_route=%2Fwp%2Fv2%2Fcomments&post=2266"}],"version-history":[{"count":37,"href":"https:\/\/nagelstudio-deibert.de\/index.php?rest_route=\/wp\/v2\/pages\/2266\/revisions"}],"predecessor-version":[{"id":2310,"href":"https:\/\/nagelstudio-deibert.de\/index.php?rest_route=\/wp\/v2\/pages\/2266\/revisions\/2310"}],"up":[{"embeddable":true,"href":"https:\/\/nagelstudio-deibert.de\/index.php?rest_route=\/wp\/v2\/pages\/2"}],"wp:attachment":[{"href":"https:\/\/nagelstudio-deibert.de\/index.php?rest_route=%2Fwp%2Fv2%2Fmedia&parent=2266"}],"curies":[{"name":"wp","href":"https:\/\/api.w.org\/{rel}","templated":true}]}}